{"id":1343,"date":"2018-10-04T06:18:10","date_gmt":"2018-10-04T06:18:10","guid":{"rendered":"https:\/\/www.arhitekturadots.com\/about\/"},"modified":"2024-02-06T20:56:16","modified_gmt":"2024-02-06T20:56:16","slug":"about","status":"publish","type":"page","link":"https:\/\/www.arhitekturadots.com\/en\/about\/","title":{"rendered":"About"},"content":{"rendered":"<div data-elementor-type=\"wp-post\" data-elementor-id=\"1343\" class=\"elementor elementor-1343\">\n\t\t\t\t\t\t<section class=\"elementor-section elementor-top-section elementor-element elementor-element-70f8e6d2 elementor-section-full_width elementor-section-height-default elementor-section-height-default\" data-id=\"70f8e6d2\" data-element_type=\"section\" data-e-type=\"section\">\n\t\t\t\t\t\t<div class=\"elementor-container elementor-column-gap-no\">\n\t\t\t\t\t<div class=\"elementor-column elementor-col-100 elementor-top-column elementor-element elementor-element-33a9577\" data-id=\"33a9577\" data-element_type=\"column\" data-e-type=\"column\">\n\t\t\t<div class=\"elementor-widget-wrap elementor-element-populated\">\n\t\t\t\t\t\t<div class=\"elementor-element elementor-element-2e857e86 elementor-widget elementor-widget-heading\" data-id=\"2e857e86\" data-element_type=\"widget\" data-e-type=\"widget\" data-widget_type=\"heading.default\">\n\t\t\t\t<div class=\"elementor-widget-container\">\n\t\t\t\t\t<span class=\"elementor-heading-title elementor-size-default\">Keith Keller<\/span>\t\t\t\t<\/div>\n\t\t\t\t<\/div>\n\t\t\t\t\t<\/div>\n\t\t<\/div>\n\t\t\t\t\t<\/div>\n\t\t<\/section>\n\t\t\t\t<section class=\"elementor-section elementor-top-section elementor-element elementor-element-5n434sr elementor-section-full_width elementor-section-height-default elementor-section-height-default\" data-id=\"5n434sr\" data-element_type=\"section\" data-e-type=\"section\" data-settings=\"{&quot;background_background&quot;:&quot;classic&quot;}\">\n\t\t\t\t\t\t<div class=\"elementor-container elementor-column-gap-no\">\n\t\t\t\t\t<div class=\"elementor-column elementor-col-100 elementor-top-column elementor-element elementor-element-0814f73\" data-id=\"0814f73\" data-element_type=\"column\" data-e-type=\"column\">\n\t\t\t<div class=\"elementor-widget-wrap elementor-element-populated\">\n\t\t\t\t\t\t<div class=\"elementor-element elementor-element-18ea619 elementor-widget elementor-widget-image\" data-id=\"18ea619\" data-element_type=\"widget\" data-e-type=\"widget\" data-widget_type=\"image.default\">\n\t\t\t\t<div class=\"elementor-widget-container\">\n\t\t\t\t\t\t\t\t\t\t\t\t\t\t\t<img decoding=\"async\" src=\"https:\/\/www.arhitekturadots.com\/wp-content\/uploads\/elementor\/thumbs\/1111111111111111-scaled-q4ms1933jytv48gs0o3diw0p3sbud01yuyhdv09w8g.jpg\" title=\"1111111111111111\" alt=\"1111111111111111\" loading=\"lazy\" \/>\t\t\t\t\t\t\t\t\t\t\t\t\t\t\t<\/div>\n\t\t\t\t<\/div>\n\t\t\t\t\t<\/div>\n\t\t<\/div>\n\t\t\t\t\t<\/div>\n\t\t<\/section>\n\t\t\t\t<section class=\"elementor-section elementor-top-section elementor-element elementor-element-5bab5e22 elementor-section-content-middle elementor-section-boxed elementor-section-height-default elementor-section-height-default\" data-id=\"5bab5e22\" data-element_type=\"section\" data-e-type=\"section\">\n\t\t\t\t\t\t<div class=\"elementor-container elementor-column-gap-no\">\n\t\t\t\t\t<div class=\"elementor-column elementor-col-100 elementor-top-column elementor-element elementor-element-0319549\" data-id=\"0319549\" data-element_type=\"column\" data-e-type=\"column\">\n\t\t\t<div class=\"elementor-widget-wrap elementor-element-populated\">\n\t\t\t\t\t\t<section class=\"elementor-section elementor-inner-section elementor-element elementor-element-99e7dad elementor-section-boxed elementor-section-height-default elementor-section-height-default\" data-id=\"99e7dad\" data-element_type=\"section\" data-e-type=\"section\">\n\t\t\t\t\t\t<div class=\"elementor-container elementor-column-gap-default\">\n\t\t\t\t\t<div class=\"elementor-column elementor-col-100 elementor-inner-column elementor-element elementor-element-afb90a0\" data-id=\"afb90a0\" data-element_type=\"column\" data-e-type=\"column\">\n\t\t\t<div class=\"elementor-widget-wrap elementor-element-populated\">\n\t\t\t\t\t\t<div class=\"elementor-element elementor-element-412eb0d elementor-widget elementor-widget-text-editor\" data-id=\"412eb0d\" data-element_type=\"widget\" data-e-type=\"widget\" data-widget_type=\"text-editor.default\">\n\t\t\t\t<div class=\"elementor-widget-container\">\n\t\t\t\t\t\t\t\t\t<p>Our philosophy is that architecture and design should not only be visually appealing, but also practical and sustainable spaces that meet the needs of our clients. Our team of experts use their knowledge, new technologies and materials to create designs that are as functional as they are aesthetically appealing.<\/p><p>The studio consists of experts with many years of experience in the field of architecture, landscape architecture, urban planning and interior design. After finishing college and gaining experience in renowned companies in Croatia and abroad, we decided to open Studio Dots.<\/p><p>We believe that creating architecture means creating spaces that shape people's experiences and emotions. We focus on understanding the needs of our clients and collaborators in order to create unique projects. Our approach is based on a deep analysis and understanding of each project in order to create a space that meets the client's needs and goals, maintaining high standards of quality and aesthetics.<\/p>\t\t\t\t\t\t\t\t<\/div>\n\t\t\t\t<\/div>\n\t\t\t\t\t<\/div>\n\t\t<\/div>\n\t\t\t\t\t<\/div>\n\t\t<\/section>\n\t\t\t\t\t<\/div>\n\t\t<\/div>\n\t\t\t\t\t<\/div>\n\t\t<\/section>\n\t\t\t\t<section class=\"elementor-section elementor-top-section elementor-element elementor-element-3e97dce0 elementor-section-boxed elementor-section-height-default elementor-section-height-default\" data-id=\"3e97dce0\" data-element_type=\"section\" data-e-type=\"section\" data-settings=\"{&quot;background_background&quot;:&quot;gradient&quot;}\">\n\t\t\t\t\t\t\t<div class=\"elementor-background-overlay\"><\/div>\n\t\t\t\t\t\t\t<div class=\"elementor-container elementor-column-gap-no\">\n\t\t\t\t\t<div class=\"elementor-column elementor-col-100 elementor-top-column elementor-element elementor-element-2105c7d7\" data-id=\"2105c7d7\" data-element_type=\"column\" data-e-type=\"column\" data-settings=\"{&quot;background_background&quot;:&quot;classic&quot;}\">\n\t\t\t<div class=\"elementor-widget-wrap elementor-element-populated\">\n\t\t\t\t\t\t<div class=\"elementor-element elementor-element-115b1d71 elementor-widget elementor-widget-heading\" data-id=\"115b1d71\" data-element_type=\"widget\" data-e-type=\"widget\" data-widget_type=\"heading.default\">\n\t\t\t\t<div class=\"elementor-widget-container\">\n\t\t\t\t\t<span class=\"elementor-heading-title elementor-size-default\">MEET OUR TEAM<\/span>\t\t\t\t<\/div>\n\t\t\t\t<\/div>\n\t\t\t\t<div class=\"elementor-element elementor-element-2133c3fa elementor-widget elementor-widget-heading\" data-id=\"2133c3fa\" data-element_type=\"widget\" data-e-type=\"widget\" data-widget_type=\"heading.default\">\n\t\t\t\t<div class=\"elementor-widget-container\">\n\t\t\t\t\t<h2 class=\"elementor-heading-title elementor-size-default\">MEET OUR TEAM<\/h2>\t\t\t\t<\/div>\n\t\t\t\t<\/div>\n\t\t\t\t\t<\/div>\n\t\t<\/div>\n\t\t\t\t\t<\/div>\n\t\t<\/section>\n\t\t\t\t<section class=\"elementor-section elementor-top-section elementor-element elementor-element-ad60dd5 elementor-section-boxed elementor-section-height-default elementor-section-height-default\" data-id=\"ad60dd5\" data-element_type=\"section\" data-e-type=\"section\">\n\t\t\t\t\t\t<div class=\"elementor-container elementor-column-gap-default\">\n\t\t\t\t\t<div class=\"elementor-column elementor-col-100 elementor-top-column elementor-element elementor-element-c537b67\" data-id=\"c537b67\" data-element_type=\"column\" data-e-type=\"column\">\n\t\t\t<div class=\"elementor-widget-wrap elementor-element-populated\">\n\t\t\t\t\t\t<section class=\"elementor-section elementor-inner-section elementor-element elementor-element-1fac0c32 elementor-section-boxed elementor-section-height-default elementor-section-height-default\" data-id=\"1fac0c32\" data-element_type=\"section\" data-e-type=\"section\">\n\t\t\t\t\t\t<div class=\"elementor-container elementor-column-gap-no\">\n\t\t\t\t\t<div class=\"elementor-column elementor-col-33 elementor-inner-column elementor-element elementor-element-194831f5\" data-id=\"194831f5\" data-element_type=\"column\" data-e-type=\"column\" data-settings=\"{&quot;background_background&quot;:&quot;classic&quot;}\">\n\t\t\t<div class=\"elementor-widget-wrap elementor-element-populated\">\n\t\t\t\t\t<div class=\"elementor-background-overlay\"><\/div>\n\t\t\t\t\t\t<div class=\"elementor-element elementor-element-2e91d3c8 elementor-widget elementor-widget-image\" data-id=\"2e91d3c8\" data-element_type=\"widget\" data-e-type=\"widget\" data-widget_type=\"image.default\">\n\t\t\t\t<div class=\"elementor-widget-container\">\n\t\t\t\t\t\t\t\t\t\t\t\t\t\t\t<img fetchpriority=\"high\" decoding=\"async\" width=\"850\" height=\"854\" src=\"https:\/\/www.arhitekturadots.com\/wp-content\/uploads\/2023\/04\/sanja.jpg\" class=\"attachment-full size-full wp-image-1670\" alt=\"\" srcset=\"https:\/\/www.arhitekturadots.com\/wp-content\/uploads\/2023\/04\/sanja.jpg 850w, https:\/\/www.arhitekturadots.com\/wp-content\/uploads\/2023\/04\/sanja-300x300.jpg 300w, https:\/\/www.arhitekturadots.com\/wp-content\/uploads\/2023\/04\/sanja-150x150.jpg 150w, https:\/\/www.arhitekturadots.com\/wp-content\/uploads\/2023\/04\/sanja-768x772.jpg 768w\" sizes=\"(max-width: 850px) 100vw, 850px\" \/>\t\t\t\t\t\t\t\t\t\t\t\t\t\t\t<\/div>\n\t\t\t\t<\/div>\n\t\t\t\t<div class=\"elementor-element elementor-element-2e92648e elementor-widget elementor-widget-image-box\" data-id=\"2e92648e\" data-element_type=\"widget\" data-e-type=\"widget\" data-widget_type=\"image-box.default\">\n\t\t\t\t<div class=\"elementor-widget-container\">\n\t\t\t\t\t<div class=\"elementor-image-box-wrapper\"><div class=\"elementor-image-box-content\"><h3 class=\"elementor-image-box-title\">Sanja \u0160timac mag.ing.arh<\/h3><p class=\"elementor-image-box-description\">Architect<\/p><\/div><\/div>\t\t\t\t<\/div>\n\t\t\t\t<\/div>\n\t\t\t\t<div class=\"elementor-element elementor-element-b9c22f0 elementor-icon-list--layout-traditional elementor-list-item-link-full_width elementor-widget elementor-widget-icon-list\" data-id=\"b9c22f0\" data-element_type=\"widget\" data-e-type=\"widget\" data-widget_type=\"icon-list.default\">\n\t\t\t\t<div class=\"elementor-widget-container\">\n\t\t\t\t\t\t\t<ul class=\"elementor-icon-list-items\">\n\t\t\t\t\t\t\t<li class=\"elementor-icon-list-item\">\n\t\t\t\t\t\t\t\t\t\t\t<span class=\"elementor-icon-list-icon\">\n\t\t\t\t\t\t\t<i aria-hidden=\"true\" class=\"fas fa-circle\"><\/i>\t\t\t\t\t\t<\/span>\n\t\t\t\t\t\t\t\t\t\t<span class=\"elementor-icon-list-text\"> Swinerton Building Sustainability Challenge Winner (2015)<\/span>\n\t\t\t\t\t\t\t\t\t<\/li>\n\t\t\t\t\t\t\t\t<li class=\"elementor-icon-list-item\">\n\t\t\t\t\t\t\t\t\t\t\t<span class=\"elementor-icon-list-icon\">\n\t\t\t\t\t\t\t<i aria-hidden=\"true\" class=\"fas fa-circle\"><\/i>\t\t\t\t\t\t<\/span>\n\t\t\t\t\t\t\t\t\t\t<span class=\"elementor-icon-list-text\">Wienna School Of Music Competition Winner (2010)<\/span>\n\t\t\t\t\t\t\t\t\t<\/li>\n\t\t\t\t\t\t<\/ul>\n\t\t\t\t\t\t<\/div>\n\t\t\t\t<\/div>\n\t\t\t\t<div class=\"elementor-element elementor-element-3c54749 elementor-widget__width-initial elementor-view-default elementor-widget elementor-widget-icon\" data-id=\"3c54749\" data-element_type=\"widget\" data-e-type=\"widget\" data-widget_type=\"icon.default\">\n\t\t\t\t<div class=\"elementor-widget-container\">\n\t\t\t\t\t\t\t<div class=\"elementor-icon-wrapper\">\n\t\t\t<a class=\"elementor-icon\" href=\"https:\/\/www.linkedin.com\/in\/sanja-%C5%A1-7153a1b1\/\">\n\t\t\t<i aria-hidden=\"true\" class=\"fab fa-linkedin\"><\/i>\t\t\t<\/a>\n\t\t<\/div>\n\t\t\t\t\t\t<\/div>\n\t\t\t\t<\/div>\n\t\t\t\t<div class=\"elementor-element elementor-element-c10367c elementor-widget__width-initial elementor-view-default elementor-widget elementor-widget-icon\" data-id=\"c10367c\" data-element_type=\"widget\" data-e-type=\"widget\" data-widget_type=\"icon.default\">\n\t\t\t\t<div class=\"elementor-widget-container\">\n\t\t\t\t\t\t\t<div class=\"elementor-icon-wrapper\">\n\t\t\t<a class=\"elementor-icon\" href=\"https:\/\/www.calameo.com\/accounts\/5942519\">\n\t\t\t<i aria-hidden=\"true\" class=\"fas fa-book-open\"><\/i>\t\t\t<\/a>\n\t\t<\/div>\n\t\t\t\t\t\t<\/div>\n\t\t\t\t<\/div>\n\t\t\t\t\t<\/div>\n\t\t<\/div>\n\t\t\t\t<div class=\"elementor-column elementor-col-33 elementor-inner-column elementor-element elementor-element-6bb8d907\" data-id=\"6bb8d907\" data-element_type=\"column\" data-e-type=\"column\" data-settings=\"{&quot;background_background&quot;:&quot;classic&quot;}\">\n\t\t\t<div class=\"elementor-widget-wrap elementor-element-populated\">\n\t\t\t\t\t<div class=\"elementor-background-overlay\"><\/div>\n\t\t\t\t\t\t<div class=\"elementor-element elementor-element-611b14dd elementor-widget elementor-widget-image\" data-id=\"611b14dd\" data-element_type=\"widget\" data-e-type=\"widget\" data-widget_type=\"image.default\">\n\t\t\t\t<div class=\"elementor-widget-container\">\n\t\t\t\t\t\t\t\t\t\t\t\t\t\t\t<img decoding=\"async\" width=\"850\" height=\"854\" src=\"https:\/\/www.arhitekturadots.com\/wp-content\/uploads\/2023\/04\/don.jpg\" class=\"attachment-full size-full wp-image-1669\" alt=\"\" srcset=\"https:\/\/www.arhitekturadots.com\/wp-content\/uploads\/2023\/04\/don.jpg 850w, https:\/\/www.arhitekturadots.com\/wp-content\/uploads\/2023\/04\/don-300x300.jpg 300w, https:\/\/www.arhitekturadots.com\/wp-content\/uploads\/2023\/04\/don-150x150.jpg 150w, https:\/\/www.arhitekturadots.com\/wp-content\/uploads\/2023\/04\/don-768x772.jpg 768w\" sizes=\"(max-width: 850px) 100vw, 850px\" \/>\t\t\t\t\t\t\t\t\t\t\t\t\t\t\t<\/div>\n\t\t\t\t<\/div>\n\t\t\t\t<div class=\"elementor-element elementor-element-d936760 elementor-widget__width-initial elementor-widget elementor-widget-image-box\" data-id=\"d936760\" data-element_type=\"widget\" data-e-type=\"widget\" data-widget_type=\"image-box.default\">\n\t\t\t\t<div class=\"elementor-widget-container\">\n\t\t\t\t\t<div class=\"elementor-image-box-wrapper\"><div class=\"elementor-image-box-content\"><h3 class=\"elementor-image-box-title\">Don Papandopulo mag.ing.prosp.arch.<\/h3><p class=\"elementor-image-box-description\">Landscape architect and urban planner<\/p><\/div><\/div>\t\t\t\t<\/div>\n\t\t\t\t<\/div>\n\t\t\t\t\t<\/div>\n\t\t<\/div>\n\t\t\t\t<div class=\"elementor-column elementor-col-33 elementor-inner-column elementor-element elementor-element-408ae23c\" data-id=\"408ae23c\" data-element_type=\"column\" data-e-type=\"column\" data-settings=\"{&quot;background_background&quot;:&quot;classic&quot;}\">\n\t\t\t<div class=\"elementor-widget-wrap elementor-element-populated\">\n\t\t\t\t\t<div class=\"elementor-background-overlay\"><\/div>\n\t\t\t\t\t\t\t<\/div>\n\t\t<\/div>\n\t\t\t\t\t<\/div>\n\t\t<\/section>\n\t\t\t\t\t<\/div>\n\t\t<\/div>\n\t\t\t\t\t<\/div>\n\t\t<\/section>\n\t\t\t\t<\/div>","protected":false},"excerpt":{"rendered":"<p>Keith Keller Na\u0161a filozofija je da arhitektura i dizajn ne bi trebali biti samo vizualno privla\u010dni, ve\u0107 i prakti\u010dni i odr\u017eivi prostori koji zadovoljavaju potrebe na\u0161ih klijenata. Na\u0161 tim stru\u010dnjaka koristi svoje znanje, nove tehnologije i materijale kako bi stvorio dizajn koji je jednako funkcionalan kao i estetski privla\u010dan. Studio se sastoji od stru\u010dnjaka s &hellip;<\/p>\n<p class=\"read-more\"> <a class=\"\" href=\"https:\/\/www.arhitekturadots.com\/en\/about\/\"> <span class=\"screen-reader-text\">About<\/span> Read More &raquo;<\/a><\/p>","protected":false},"author":1,"featured_media":0,"parent":0,"menu_order":0,"comment_status":"closed","ping_status":"closed","template":"","meta":{"site-sidebar-layout":"no-sidebar","site-content-layout":"page-builder","ast-global-header-display":"","ast-main-header-display":"","ast-hfb-above-header-display":"","ast-hfb-below-header-display":"","ast-hfb-mobile-header-display":"","site-post-title":"disabled","ast-breadcrumbs-content":"","ast-featured-img":"disabled","footer-sml-layout":"","theme-transparent-header-meta":"enabled","adv-header-id-meta":"","stick-header-meta":"","header-above-stick-meta":"","header-main-stick-meta":"","header-below-stick-meta":"","footnotes":""},"class_list":["post-1343","page","type-page","status-publish","hentry"],"yoast_head":"<!-- This site is optimized with the Yoast SEO plugin v20.5 - https:\/\/yoast.com\/wordpress\/plugins\/seo\/ -->\n<title>About - Arhitektura Dots<\/title>\n<meta name=\"robots\" content=\"index, follow, max-snippet:-1, max-image-preview:large, max-video-preview:-1\" \/>\n<link rel=\"canonical\" href=\"https:\/\/www.arhitekturadots.com\/en\/about\/\" \/>\n<meta property=\"og:locale\" content=\"en_GB\" \/>\n<meta property=\"og:type\" content=\"article\" \/>\n<meta property=\"og:title\" content=\"About - Arhitektura Dots\" \/>\n<meta property=\"og:description\" content=\"Keith Keller Na\u0161a filozofija je da arhitektura i dizajn ne bi trebali biti samo vizualno privla\u010dni, ve\u0107 i prakti\u010dni i odr\u017eivi prostori koji zadovoljavaju potrebe na\u0161ih klijenata. Na\u0161 tim stru\u010dnjaka koristi svoje znanje, nove tehnologije i materijale kako bi stvorio dizajn koji je jednako funkcionalan kao i estetski privla\u010dan. Studio se sastoji od stru\u010dnjaka s &hellip; About Read More &raquo;\" \/>\n<meta property=\"og:url\" content=\"https:\/\/www.arhitekturadots.com\/en\/about\/\" \/>\n<meta property=\"og:site_name\" content=\"Arhitektura Dots\" \/>\n<meta property=\"article:modified_time\" content=\"2024-02-06T20:56:16+00:00\" \/>\n<meta property=\"og:image\" content=\"https:\/\/www.arhitekturadots.com\/wp-content\/uploads\/elementor\/thumbs\/1111111111111111-scaled-q4ms1933jytv48gs0o3diw0p3sbud01yuyhdv09w8g.jpg\" \/>\n<meta name=\"twitter:card\" content=\"summary_large_image\" \/>\n<meta name=\"twitter:label1\" content=\"Estimated reading time\" \/>\n\t<meta name=\"twitter:data1\" content=\"2 minutes\" \/>\n<script type=\"application\/ld+json\" class=\"yoast-schema-graph\">{\"@context\":\"https:\/\/schema.org\",\"@graph\":[{\"@type\":\"WebPage\",\"@id\":\"https:\/\/www.arhitekturadots.com\/about\/\",\"url\":\"https:\/\/www.arhitekturadots.com\/about\/\",\"name\":\"About - Arhitektura Dots\",\"isPartOf\":{\"@id\":\"https:\/\/www.arhitekturadots.com\/#website\"},\"datePublished\":\"2018-10-04T06:18:10+00:00\",\"dateModified\":\"2024-02-06T20:56:16+00:00\",\"breadcrumb\":{\"@id\":\"https:\/\/www.arhitekturadots.com\/about\/#breadcrumb\"},\"inLanguage\":\"en-GB\",\"potentialAction\":[{\"@type\":\"ReadAction\",\"target\":[\"https:\/\/www.arhitekturadots.com\/about\/\"]}]},{\"@type\":\"BreadcrumbList\",\"@id\":\"https:\/\/www.arhitekturadots.com\/about\/#breadcrumb\",\"itemListElement\":[{\"@type\":\"ListItem\",\"position\":1,\"name\":\"Po\u010detna stranica\",\"item\":\"https:\/\/www.arhitekturadots.com\/\"},{\"@type\":\"ListItem\",\"position\":2,\"name\":\"About\"}]},{\"@type\":\"WebSite\",\"@id\":\"https:\/\/www.arhitekturadots.com\/#website\",\"url\":\"https:\/\/www.arhitekturadots.com\/\",\"name\":\"Arhitektura Dots\",\"description\":\"Arhitektura Dots\",\"publisher\":{\"@id\":\"https:\/\/www.arhitekturadots.com\/#organization\"},\"potentialAction\":[{\"@type\":\"SearchAction\",\"target\":{\"@type\":\"EntryPoint\",\"urlTemplate\":\"https:\/\/www.arhitekturadots.com\/?s={search_term_string}\"},\"query-input\":\"required name=search_term_string\"}],\"inLanguage\":\"en-GB\"},{\"@type\":\"Organization\",\"@id\":\"https:\/\/www.arhitekturadots.com\/#organization\",\"name\":\"Arhitektura Dots\",\"url\":\"https:\/\/www.arhitekturadots.com\/\",\"logo\":{\"@type\":\"ImageObject\",\"inLanguage\":\"en-GB\",\"@id\":\"https:\/\/www.arhitekturadots.com\/#\/schema\/logo\/image\/\",\"url\":\"https:\/\/www.arhitekturadots.com\/wp-content\/uploads\/2023\/04\/dots-01.png\",\"contentUrl\":\"https:\/\/www.arhitekturadots.com\/wp-content\/uploads\/2023\/04\/dots-01.png\",\"width\":2084,\"height\":1043,\"caption\":\"Arhitektura Dots\"},\"image\":{\"@id\":\"https:\/\/www.arhitekturadots.com\/#\/schema\/logo\/image\/\"}}]}<\/script>\n<!-- \/ Yoast SEO plugin. -->","yoast_head_json":{"title":"About - Arhitektura Dots","robots":{"index":"index","follow":"follow","max-snippet":"max-snippet:-1","max-image-preview":"max-image-preview:large","max-video-preview":"max-video-preview:-1"},"canonical":"https:\/\/www.arhitekturadots.com\/en\/about\/","og_locale":"en_GB","og_type":"article","og_title":"About - Arhitektura Dots","og_description":"Keith Keller Na\u0161a filozofija je da arhitektura i dizajn ne bi trebali biti samo vizualno privla\u010dni, ve\u0107 i prakti\u010dni i odr\u017eivi prostori koji zadovoljavaju potrebe na\u0161ih klijenata. Na\u0161 tim stru\u010dnjaka koristi svoje znanje, nove tehnologije i materijale kako bi stvorio dizajn koji je jednako funkcionalan kao i estetski privla\u010dan. Studio se sastoji od stru\u010dnjaka s &hellip; About Read More &raquo;","og_url":"https:\/\/www.arhitekturadots.com\/en\/about\/","og_site_name":"Arhitektura Dots","article_modified_time":"2024-02-06T20:56:16+00:00","og_image":[{"url":"https:\/\/www.arhitekturadots.com\/wp-content\/uploads\/elementor\/thumbs\/1111111111111111-scaled-q4ms1933jytv48gs0o3diw0p3sbud01yuyhdv09w8g.jpg"}],"twitter_card":"summary_large_image","twitter_misc":{"Estimated reading time":"2 minutes"},"schema":{"@context":"https:\/\/schema.org","@graph":[{"@type":"WebPage","@id":"https:\/\/www.arhitekturadots.com\/about\/","url":"https:\/\/www.arhitekturadots.com\/about\/","name":"About - Arhitektura Dots","isPartOf":{"@id":"https:\/\/www.arhitekturadots.com\/#website"},"datePublished":"2018-10-04T06:18:10+00:00","dateModified":"2024-02-06T20:56:16+00:00","breadcrumb":{"@id":"https:\/\/www.arhitekturadots.com\/about\/#breadcrumb"},"inLanguage":"en-GB","potentialAction":[{"@type":"ReadAction","target":["https:\/\/www.arhitekturadots.com\/about\/"]}]},{"@type":"BreadcrumbList","@id":"https:\/\/www.arhitekturadots.com\/about\/#breadcrumb","itemListElement":[{"@type":"ListItem","position":1,"name":"Po\u010detna stranica","item":"https:\/\/www.arhitekturadots.com\/"},{"@type":"ListItem","position":2,"name":"About"}]},{"@type":"WebSite","@id":"https:\/\/www.arhitekturadots.com\/#website","url":"https:\/\/www.arhitekturadots.com\/","name":"Arhitektura Dots","description":"Arhitektura Dots","publisher":{"@id":"https:\/\/www.arhitekturadots.com\/#organization"},"potentialAction":[{"@type":"SearchAction","target":{"@type":"EntryPoint","urlTemplate":"https:\/\/www.arhitekturadots.com\/?s={search_term_string}"},"query-input":"required name=search_term_string"}],"inLanguage":"en-GB"},{"@type":"Organization","@id":"https:\/\/www.arhitekturadots.com\/#organization","name":"Arhitektura Dots","url":"https:\/\/www.arhitekturadots.com\/","logo":{"@type":"ImageObject","inLanguage":"en-GB","@id":"https:\/\/www.arhitekturadots.com\/#\/schema\/logo\/image\/","url":"https:\/\/www.arhitekturadots.com\/wp-content\/uploads\/2023\/04\/dots-01.png","contentUrl":"https:\/\/www.arhitekturadots.com\/wp-content\/uploads\/2023\/04\/dots-01.png","width":2084,"height":1043,"caption":"Arhitektura Dots"},"image":{"@id":"https:\/\/www.arhitekturadots.com\/#\/schema\/logo\/image\/"}}]}},"_links":{"self":[{"href":"https:\/\/www.arhitekturadots.com\/en\/wp-json\/wp\/v2\/pages\/1343","targetHints":{"allow":["GET"]}}],"collection":[{"href":"https:\/\/www.arhitekturadots.com\/en\/wp-json\/wp\/v2\/pages"}],"about":[{"href":"https:\/\/www.arhitekturadots.com\/en\/wp-json\/wp\/v2\/types\/page"}],"author":[{"embeddable":true,"href":"https:\/\/www.arhitekturadots.com\/en\/wp-json\/wp\/v2\/users\/1"}],"replies":[{"embeddable":true,"href":"https:\/\/www.arhitekturadots.com\/en\/wp-json\/wp\/v2\/comments?post=1343"}],"version-history":[{"count":60,"href":"https:\/\/www.arhitekturadots.com\/en\/wp-json\/wp\/v2\/pages\/1343\/revisions"}],"predecessor-version":[{"id":1833,"href":"https:\/\/www.arhitekturadots.com\/en\/wp-json\/wp\/v2\/pages\/1343\/revisions\/1833"}],"wp:attachment":[{"href":"https:\/\/www.arhitekturadots.com\/en\/wp-json\/wp\/v2\/media?parent=1343"}],"curies":[{"name":"wp","href":"https:\/\/api.w.org\/{rel}","templated":true}]}}